{"id":62,"date":"2019-04-12T16:54:18","date_gmt":"2019-04-12T16:54:18","guid":{"rendered":"https:\/\/biobuddha.eu\/?page_id=62"},"modified":"2019-07-17T11:54:17","modified_gmt":"2019-07-17T11:54:17","slug":"faq","status":"publish","type":"page","link":"https:\/\/biobuddha.eu\/en\/faq\/","title":{"rendered":"FAQ"},"content":{"rendered":"<p><strong>F:<\/strong> Wie viele Kapseln sollte ich t\u00e4glich nehmen?<br \/>\n<strong>A:<\/strong> Die empfohlene Tagesmenge betr\u00e4gt 1 Kapsel.<\/p>\n<p><strong>F:<\/strong> Wie lange reicht eine Dose Hyalurons\u00e4ure?<br \/>\n<strong>A:<\/strong> Eine Dose reicht bei einer t\u00e4glichen Einnahme von 1 Kapsel f\u00fcr 30 Tage.<\/p>\n<p><strong>F:<\/strong> Ist Hyalurons\u00e4ure f\u00fcr M\u00e4nner oder f\u00fcr Frauen geeignet?<br \/>\n<strong>A:<\/strong> Hyalurons\u00e4ure kann von beiden Geschlechtern eingenommen werden und ist daher bestens f\u00fcr M\u00e4nner und Frauen geeignet.<\/p>\n<p><strong>F:<\/strong> Sind die Kapseln vegan?<br \/>\n<strong>A:<\/strong> Ja, wir verwenden vegane Kapseln, damit jeder von Hyalurons\u00e4ure profitieren kann.<\/p>\n<p><strong>F:<\/strong> Wie sollte ich die Kapseln einnehmen?<br \/>\n<strong>A:<\/strong> Am besten nimmst Du morgens und abends eine Kapsel mit ausreichend Fl\u00fcssigkeit zu Dir.<\/p>\n","protected":false},"excerpt":{"rendered":"<p>F: Wie viele Kapseln sollte ich t\u00e4glich nehmen? A: Die empfohlene Tagesmenge betr\u00e4gt 1 Kapsel. F: Wie lange reicht eine Dose Hyalurons\u00e4ure? A: Eine Dose reicht bei einer t\u00e4glichen Einnahme von 1 Kapsel f\u00fcr 30 Tage. F: Ist Hyalurons\u00e4ure f\u00fcr &hellip; <a href=\"https:\/\/biobuddha.eu\/en\/faq\/\">Continue reading <span class=\"meta-nav\">&rarr;<\/span><\/a><\/p>\n","protected":false},"author":7,"featured_media":0,"parent":0,"menu_order":0,"comment_status":"closed","ping_status":"closed","template":"","meta":{"_acf_changed":false,"footnotes":""},"acf":[],"_links":{"self":[{"href":"https:\/\/biobuddha.eu\/en\/wp-json\/wp\/v2\/pages\/62"}],"collection":[{"href":"https:\/\/biobuddha.eu\/en\/wp-json\/wp\/v2\/pages"}],"about":[{"href":"https:\/\/biobuddha.eu\/en\/wp-json\/wp\/v2\/types\/page"}],"author":[{"embeddable":true,"href":"https:\/\/biobuddha.eu\/en\/wp-json\/wp\/v2\/users\/7"}],"replies":[{"embeddable":true,"href":"https:\/\/biobuddha.eu\/en\/wp-json\/wp\/v2\/comments?post=62"}],"version-history":[{"count":3,"href":"https:\/\/biobuddha.eu\/en\/wp-json\/wp\/v2\/pages\/62\/revisions"}],"predecessor-version":[{"id":213,"href":"https:\/\/biobuddha.eu\/en\/wp-json\/wp\/v2\/pages\/62\/revisions\/213"}],"wp:attachment":[{"href":"https:\/\/biobuddha.eu\/en\/wp-json\/wp\/v2\/media?parent=62"}],"curies":[{"name":"wp","href":"https:\/\/api.w.org\/{rel}","templated":true}]}}