{"id":1459,"date":"2020-03-10T14:22:11","date_gmt":"2020-03-10T14:22:11","guid":{"rendered":"https:\/\/biobuddha.eu\/?post_type=product&#038;p=1459"},"modified":"2023-04-26T10:52:24","modified_gmt":"2023-04-26T10:52:24","slug":"aura-of-aphrodite","status":"publish","type":"product","link":"https:\/\/biobuddha.eu\/en\/product\/aura-of-aphrodite\/","title":{"rendered":"Aura <span>Of<\/span> Aphrodite"},"content":{"rendered":"<p><b>BioBuddha Haar Vitamine &#8211; 120 Softgel-Kapseln (2-3 Monats-Vorrat) zur Unterst\u00fctzung des Haarwachstums, sch\u00f6nere N\u00e4gel und bessere Haut<\/b><\/p>\n<p>Alle Shampoos und Haarkuren zeigen kaum Wirkung, wenn die Haare nicht von innen heraus mit den wichtigsten N\u00e4hrstoffen versorgt werden. Mit den BioBuddha Haarvitaminen erhalten Haare genau die Unterst\u00fctzung, die sie brauchen. Der hochdosierte und\u00a0<b>nat\u00fcrliche Vitamin-Cocktail<\/b>\u00a0versorgt, mit der einzigartigen Kombination aus\u00a0<b>Biotin, Selen, Zink, Hirse-Extrakt und 15 weiteren Vitaminen<\/b>, die Zellen von Haaren, Haut und N\u00e4gel allen wichtigen N\u00e4hrstoffen, Spurenelementen, Mineralien und Vitaminen.<\/p>\n<p>Ideale Unterst\u00fctzung f\u00fcr\u00a0<b>sch\u00f6ne, gesunde und vollere Haare, Fingern\u00e4gel und Haut auf nat\u00fcrliche Weise.<\/b>\u00a0Wir verzichten bewusst auf unnat\u00fcrliche Inhaltsstoffe. Unsere Haarkapseln sind frei von Gelatine, Aromen, Titandioxid, Laktose, Gluten, Konservierungsstoffen, Stabilisatoren oder gentechnisch ver\u00e4nderten Zutaten!<\/p>\n<p>Nehmen Sie einfach t\u00e4glich 1 &#8211; 2 Kapseln der Haarvitamine mit einem Schluck Wasser zu sich. Die\u00a0<b>120 Softgel Kapseln<\/b>\u00a0lassen sich nicht nur einfach schlucken, sondern sch\u00fctzen durch die H\u00fclle auch den wichtigen N\u00e4hrstoffen im Inneren der Kapsel.<\/p>\n<p><b>Ideal auch in Kombination mit unseren BioBuddha fl\u00fcssigen Hyaluron-Kapseln erg\u00e4nzbar.<\/b><\/p>\n","protected":false},"excerpt":{"rendered":"<p>AUFBAU-KUR F\u00dcR DEINE HAARE \u2013 Biotin (Vitamin B7) ist bekannt f\u00fcr seine positive Wirkung auf Haare, N\u00e4gel und Haut. Ein Biotin-Mangel kann br\u00fcchige, glanzlose und d\u00fcnne Haare hervorrufen. Mit unseren Haarvitaminen gibst du deinen K\u00f6rper ein ideales Hilfsmittel f\u00fcr sch\u00f6ne und gesunde Haare. <a href=\"https:\/\/biobuddha.eu\/en\/product\/aura-of-aphrodite\/\">Continue reading <span class=\"meta-nav\">&rarr;<\/span><\/a><\/p>\n","protected":false},"featured_media":3021,"template":"","meta":{"_acf_changed":false},"product_cat":[15],"product_tag":[],"acf":[],"_links":{"self":[{"href":"https:\/\/biobuddha.eu\/en\/wp-json\/wp\/v2\/product\/1459"}],"collection":[{"href":"https:\/\/biobuddha.eu\/en\/wp-json\/wp\/v2\/product"}],"about":[{"href":"https:\/\/biobuddha.eu\/en\/wp-json\/wp\/v2\/types\/product"}],"wp:featuredmedia":[{"embeddable":true,"href":"https:\/\/biobuddha.eu\/en\/wp-json\/wp\/v2\/media\/3021"}],"wp:attachment":[{"href":"https:\/\/biobuddha.eu\/en\/wp-json\/wp\/v2\/media?parent=1459"}],"wp:term":[{"taxonomy":"product_cat","embeddable":true,"href":"https:\/\/biobuddha.eu\/en\/wp-json\/wp\/v2\/product_cat?post=1459"},{"taxonomy":"product_tag","embeddable":true,"href":"https:\/\/biobuddha.eu\/en\/wp-json\/wp\/v2\/product_tag?post=1459"}],"curies":[{"name":"wp","href":"https:\/\/api.w.org\/{rel}","templated":true}]}}